{"id":839,"date":"2017-02-20T11:12:14","date_gmt":"2017-02-20T11:12:14","guid":{"rendered":"http:\/\/www.alpisadesign.com\/a-equipa\/"},"modified":"2017-02-20T11:12:14","modified_gmt":"2017-02-20T11:12:14","slug":"a-equipa","status":"publish","type":"page","link":"https:\/\/www.alpisadesign.com\/pt\/a-equipa\/","title":{"rendered":"A equipa"},"content":{"rendered":"<p>Somos uma equipa com mais de 30 anos de experiencia \u00a0em materiais de prescri\u00e7\u00e3o, cuja miss\u00e3o \u00e9 apoiar o prescritor a conseguir desenvolver o seu projeto com os melhores materiais.<\/p>\n<p>O nosso firme objectivo \u00e9 acompanhar desde o inicio o processo na sele\u00e7\u00e3o de materiais (amostras, alternativas,\u2026) at\u00e9 ao final do projeto, com comprova\u00e7\u00e3o do exito do mesmo.<\/p>\n<p><img loading=\"lazy\" decoding=\"async\" class=\"wp-image-665 size-full\" src=\"http:\/\/www.alpisadesign.com\/wp-content\/uploads\/2017\/02\/team.jpg\" alt=\"\" width=\"2000\" height=\"805\" srcset=\"https:\/\/www.alpisadesign.com\/wp-content\/uploads\/2017\/02\/team.jpg 2000w, https:\/\/www.alpisadesign.com\/wp-content\/uploads\/2017\/02\/team-300x121.jpg 300w, https:\/\/www.alpisadesign.com\/wp-content\/uploads\/2017\/02\/team-768x309.jpg 768w, https:\/\/www.alpisadesign.com\/wp-content\/uploads\/2017\/02\/team-1024x412.jpg 1024w, https:\/\/www.alpisadesign.com\/wp-content\/uploads\/2017\/02\/team-555x223.jpg 555w\" sizes=\"auto, (max-width: 2000px) 100vw, 2000px\" \/><\/p>\n","protected":false},"excerpt":{"rendered":"<p>Somos uma equipa com mais de 30 anos de experiencia \u00a0em materiais de prescri\u00e7\u00e3o, cuja miss\u00e3o \u00e9 apoiar o prescritor a conseguir desenvolver o seu projeto com os melhores materiais. O nosso firme objectivo \u00e9 acompanhar desde o inicio o processo na sele\u00e7\u00e3o de materiais (amostras, alternativas,\u2026) at\u00e9 ao final do projeto, com comprova\u00e7\u00e3o do [&hellip;]<\/p>\n","protected":false},"author":1,"featured_media":0,"parent":0,"menu_order":0,"comment_status":"closed","ping_status":"closed","template":"template-fullwidth.php","meta":{"_acf_changed":false,"_exactmetrics_skip_tracking":false,"_exactmetrics_sitenote_active":false,"_exactmetrics_sitenote_note":"","_exactmetrics_sitenote_category":0,"footnotes":""},"class_list":["post-839","page","type-page","status-publish","hentry"],"acf":[],"yoast_head":"<!-- This site is optimized with the Yoast SEO plugin v20.2.1 - https:\/\/yoast.com\/wordpress\/plugins\/seo\/ -->\n<title>A equipa - Alpisa Design Materials<\/title>\n<meta name=\"robots\" content=\"index, follow, max-snippet:-1, max-image-preview:large, max-video-preview:-1\" \/>\n<link rel=\"canonical\" href=\"https:\/\/www.alpisadesign.com\/pt\/a-equipa\/\" \/>\n<meta property=\"og:locale\" content=\"pt_PT\" \/>\n<meta property=\"og:type\" content=\"article\" \/>\n<meta property=\"og:title\" content=\"A equipa - Alpisa Design Materials\" \/>\n<meta property=\"og:description\" content=\"Somos uma equipa com mais de 30 anos de experiencia \u00a0em materiais de prescri\u00e7\u00e3o, cuja miss\u00e3o \u00e9 apoiar o prescritor a conseguir desenvolver o seu projeto com os melhores materiais. O nosso firme objectivo \u00e9 acompanhar desde o inicio o processo na sele\u00e7\u00e3o de materiais (amostras, alternativas,\u2026) at\u00e9 ao final do projeto, com comprova\u00e7\u00e3o do [&hellip;]\" \/>\n<meta property=\"og:url\" content=\"https:\/\/www.alpisadesign.com\/pt\/a-equipa\/\" \/>\n<meta property=\"og:site_name\" content=\"Alpisa Design Materials\" \/>\n<meta property=\"og:image\" content=\"http:\/\/www.alpisadesign.com\/wp-content\/uploads\/2017\/02\/team.jpg\" \/>\n<meta name=\"twitter:card\" content=\"summary_large_image\" \/>\n<script type=\"application\/ld+json\" class=\"yoast-schema-graph\">{\"@context\":\"https:\/\/schema.org\",\"@graph\":[{\"@type\":\"WebPage\",\"@id\":\"https:\/\/www.alpisadesign.com\/pt\/a-equipa\/\",\"url\":\"https:\/\/www.alpisadesign.com\/pt\/a-equipa\/\",\"name\":\"A equipa - Alpisa Design Materials\",\"isPartOf\":{\"@id\":\"https:\/\/www.alpisadesign.com\/#website\"},\"datePublished\":\"2017-02-20T11:12:14+00:00\",\"dateModified\":\"2017-02-20T11:12:14+00:00\",\"breadcrumb\":{\"@id\":\"https:\/\/www.alpisadesign.com\/pt\/a-equipa\/#breadcrumb\"},\"inLanguage\":\"pt\",\"potentialAction\":[{\"@type\":\"ReadAction\",\"target\":[\"https:\/\/www.alpisadesign.com\/pt\/a-equipa\/\"]}]},{\"@type\":\"BreadcrumbList\",\"@id\":\"https:\/\/www.alpisadesign.com\/pt\/a-equipa\/#breadcrumb\",\"itemListElement\":[{\"@type\":\"ListItem\",\"position\":1,\"name\":\"Portada\",\"item\":\"https:\/\/www.alpisadesign.com\/pt\/\"},{\"@type\":\"ListItem\",\"position\":2,\"name\":\"A equipa\"}]},{\"@type\":\"WebSite\",\"@id\":\"https:\/\/www.alpisadesign.com\/#website\",\"url\":\"https:\/\/www.alpisadesign.com\/\",\"name\":\"Alpisa Design Materials\",\"description\":\"\",\"publisher\":{\"@id\":\"https:\/\/www.alpisadesign.com\/#organization\"},\"potentialAction\":[{\"@type\":\"SearchAction\",\"target\":{\"@type\":\"EntryPoint\",\"urlTemplate\":\"https:\/\/www.alpisadesign.com\/?s={search_term_string}\"},\"query-input\":\"required name=search_term_string\"}],\"inLanguage\":\"pt\"},{\"@type\":\"Organization\",\"@id\":\"https:\/\/www.alpisadesign.com\/#organization\",\"name\":\"Alpisa Design Materials\",\"url\":\"https:\/\/www.alpisadesign.com\/\",\"logo\":{\"@type\":\"ImageObject\",\"inLanguage\":\"pt\",\"@id\":\"https:\/\/www.alpisadesign.com\/#\/schema\/logo\/image\/\",\"url\":\"https:\/\/www.alpisadesign.com\/wp-content\/uploads\/2017\/07\/cropped-cropped-favicon.png\",\"contentUrl\":\"https:\/\/www.alpisadesign.com\/wp-content\/uploads\/2017\/07\/cropped-cropped-favicon.png\",\"width\":512,\"height\":174,\"caption\":\"Alpisa Design Materials\"},\"image\":{\"@id\":\"https:\/\/www.alpisadesign.com\/#\/schema\/logo\/image\/\"}}]}<\/script>\n<!-- \/ Yoast SEO plugin. -->","yoast_head_json":{"title":"A equipa - Alpisa Design Materials","robots":{"index":"index","follow":"follow","max-snippet":"max-snippet:-1","max-image-preview":"max-image-preview:large","max-video-preview":"max-video-preview:-1"},"canonical":"https:\/\/www.alpisadesign.com\/pt\/a-equipa\/","og_locale":"pt_PT","og_type":"article","og_title":"A equipa - Alpisa Design Materials","og_description":"Somos uma equipa com mais de 30 anos de experiencia \u00a0em materiais de prescri\u00e7\u00e3o, cuja miss\u00e3o \u00e9 apoiar o prescritor a conseguir desenvolver o seu projeto com os melhores materiais. O nosso firme objectivo \u00e9 acompanhar desde o inicio o processo na sele\u00e7\u00e3o de materiais (amostras, alternativas,\u2026) at\u00e9 ao final do projeto, com comprova\u00e7\u00e3o do [&hellip;]","og_url":"https:\/\/www.alpisadesign.com\/pt\/a-equipa\/","og_site_name":"Alpisa Design Materials","og_image":[{"url":"http:\/\/www.alpisadesign.com\/wp-content\/uploads\/2017\/02\/team.jpg"}],"twitter_card":"summary_large_image","schema":{"@context":"https:\/\/schema.org","@graph":[{"@type":"WebPage","@id":"https:\/\/www.alpisadesign.com\/pt\/a-equipa\/","url":"https:\/\/www.alpisadesign.com\/pt\/a-equipa\/","name":"A equipa - Alpisa Design Materials","isPartOf":{"@id":"https:\/\/www.alpisadesign.com\/#website"},"datePublished":"2017-02-20T11:12:14+00:00","dateModified":"2017-02-20T11:12:14+00:00","breadcrumb":{"@id":"https:\/\/www.alpisadesign.com\/pt\/a-equipa\/#breadcrumb"},"inLanguage":"pt","potentialAction":[{"@type":"ReadAction","target":["https:\/\/www.alpisadesign.com\/pt\/a-equipa\/"]}]},{"@type":"BreadcrumbList","@id":"https:\/\/www.alpisadesign.com\/pt\/a-equipa\/#breadcrumb","itemListElement":[{"@type":"ListItem","position":1,"name":"Portada","item":"https:\/\/www.alpisadesign.com\/pt\/"},{"@type":"ListItem","position":2,"name":"A equipa"}]},{"@type":"WebSite","@id":"https:\/\/www.alpisadesign.com\/#website","url":"https:\/\/www.alpisadesign.com\/","name":"Alpisa Design Materials","description":"","publisher":{"@id":"https:\/\/www.alpisadesign.com\/#organization"},"potentialAction":[{"@type":"SearchAction","target":{"@type":"EntryPoint","urlTemplate":"https:\/\/www.alpisadesign.com\/?s={search_term_string}"},"query-input":"required name=search_term_string"}],"inLanguage":"pt"},{"@type":"Organization","@id":"https:\/\/www.alpisadesign.com\/#organization","name":"Alpisa Design Materials","url":"https:\/\/www.alpisadesign.com\/","logo":{"@type":"ImageObject","inLanguage":"pt","@id":"https:\/\/www.alpisadesign.com\/#\/schema\/logo\/image\/","url":"https:\/\/www.alpisadesign.com\/wp-content\/uploads\/2017\/07\/cropped-cropped-favicon.png","contentUrl":"https:\/\/www.alpisadesign.com\/wp-content\/uploads\/2017\/07\/cropped-cropped-favicon.png","width":512,"height":174,"caption":"Alpisa Design Materials"},"image":{"@id":"https:\/\/www.alpisadesign.com\/#\/schema\/logo\/image\/"}}]}},"_links":{"self":[{"href":"https:\/\/www.alpisadesign.com\/pt\/wp-json\/wp\/v2\/pages\/839","targetHints":{"allow":["GET"]}}],"collection":[{"href":"https:\/\/www.alpisadesign.com\/pt\/wp-json\/wp\/v2\/pages"}],"about":[{"href":"https:\/\/www.alpisadesign.com\/pt\/wp-json\/wp\/v2\/types\/page"}],"author":[{"embeddable":true,"href":"https:\/\/www.alpisadesign.com\/pt\/wp-json\/wp\/v2\/users\/1"}],"replies":[{"embeddable":true,"href":"https:\/\/www.alpisadesign.com\/pt\/wp-json\/wp\/v2\/comments?post=839"}],"version-history":[{"count":0,"href":"https:\/\/www.alpisadesign.com\/pt\/wp-json\/wp\/v2\/pages\/839\/revisions"}],"wp:attachment":[{"href":"https:\/\/www.alpisadesign.com\/pt\/wp-json\/wp\/v2\/media?parent=839"}],"curies":[{"name":"wp","href":"https:\/\/api.w.org\/{rel}","templated":true}]}}