{"id":841,"date":"2017-02-17T12:56:15","date_gmt":"2017-02-17T12:56:15","guid":{"rendered":"http:\/\/www.alpisadesign.com\/alpisa\/"},"modified":"2018-02-01T13:09:46","modified_gmt":"2018-02-01T13:09:46","slug":"alpisa","status":"publish","type":"page","link":"https:\/\/www.alpisadesign.com\/pt\/","title":{"rendered":"Home"},"content":{"rendered":"<p><div class=\"cisc-row\"><div  class=\" cisc-col-md-12 cisc-col-xs-12\"><\/p>\n<p style=\"text-align: justify;\"><img loading=\"lazy\" decoding=\"async\" class=\"size-medium wp-image-560 alignleft\" src=\"http:\/\/www.alpisadesign.com\/wp-content\/uploads\/2017\/09\/chapa-madera-madera-04-300x200.jpg\" alt=\"\" width=\"300\" height=\"200\" srcset=\"https:\/\/www.alpisadesign.com\/wp-content\/uploads\/2017\/09\/chapa-madera-madera-04-300x200.jpg 300w, https:\/\/www.alpisadesign.com\/wp-content\/uploads\/2017\/09\/chapa-madera-madera-04-768x512.jpg 768w, https:\/\/www.alpisadesign.com\/wp-content\/uploads\/2017\/09\/chapa-madera-madera-04-1024x683.jpg 1024w, https:\/\/www.alpisadesign.com\/wp-content\/uploads\/2017\/09\/chapa-madera-madera-04-750x500.jpg 750w, https:\/\/www.alpisadesign.com\/wp-content\/uploads\/2017\/09\/chapa-madera-madera-04-555x370.jpg 555w, https:\/\/www.alpisadesign.com\/wp-content\/uploads\/2017\/09\/chapa-madera-madera-04.jpg 1200w\" sizes=\"auto, (max-width: 300px) 100vw, 300px\" \/><\/p>\n<p>Num ambiente cada vez mais vari\u00e1vel, os projetos de design de interiores e arquitetura devem estar em sintonia com este, sendo capazes de se adaptar \u00a0tanto a nivel est\u00e9tico, como funcional e social.<\/p>\n<p><strong>Alpisa Design Materials<\/strong> \u00e9 a resposta a este novo conceito colaborativo na gest\u00e3o de materiais para design de interiores e decora\u00e7\u00e3o em projetos arquitet\u00f3nicos.<\/p>\n<p>A nossa proposta de materiais adapt\u00e1veis nas suas diferentes caracter\u00edsticas para cada projeto \u00e9 acompanhada pelo conselho de nossa equipe de prescri\u00e7\u00e3o.<\/p>\n<p><\/div><\/div><br \/>\n<hr class=\"cisc-separator\" style=\"border-bottom-style: solid; border-bottom-color: grey; width: 100%; border-bottom-width: 1px;\"><\/p>\n<p style=\"text-align: center;\"><a href=\"http:\/\/www.alpisadesign.com\/pt\/solucoes\/\" class=\"cisc-button cisc-button-large\" style=\"background-color: grey; border-color: transparent; border-style: solid; border-width: 0px;\" ><span style=\"\"><i class=\"fa fa-bookmark\"><\/i>CONHE\u00c7A O NOSSO CAT\u00c1LOGO<\/span><\/a><\/p>\n","protected":false},"excerpt":{"rendered":"","protected":false},"author":1,"featured_media":0,"parent":0,"menu_order":0,"comment_status":"closed","ping_status":"closed","template":"template-frontpage.php","meta":{"_acf_changed":false,"_exactmetrics_skip_tracking":false,"_exactmetrics_sitenote_active":false,"_exactmetrics_sitenote_note":"","_exactmetrics_sitenote_category":0,"footnotes":""},"class_list":["post-841","page","type-page","status-publish","hentry"],"acf":[],"yoast_head":"<!-- This site is optimized with the Yoast SEO plugin v20.2.1 - https:\/\/yoast.com\/wordpress\/plugins\/seo\/ -->\n<title>Alpisa Design Materials<\/title>\n<meta name=\"description\" content=\"Alpisa Design Materials, es la respuesta a ese nuevo concepto colaborativo en la gesti\u00f3n de materiales para el interiorismo y la decoraci\u00f3n en los proyectos\" \/>\n<meta name=\"robots\" content=\"index, follow, max-snippet:-1, max-image-preview:large, max-video-preview:-1\" \/>\n<link rel=\"canonical\" href=\"https:\/\/www.alpisadesign.com\/pt\/\" \/>\n<meta property=\"og:locale\" content=\"pt_PT\" \/>\n<meta property=\"og:type\" content=\"article\" \/>\n<meta property=\"og:title\" content=\"Alpisa Design Materials\" \/>\n<meta property=\"og:description\" content=\"Alpisa Design Materials, es la respuesta a ese nuevo concepto colaborativo en la gesti\u00f3n de materiales para el interiorismo y la decoraci\u00f3n en los proyectos\" \/>\n<meta property=\"og:url\" content=\"https:\/\/www.alpisadesign.com\/pt\/\" \/>\n<meta property=\"og:site_name\" content=\"Alpisa Design Materials\" \/>\n<meta property=\"article:modified_time\" content=\"2018-02-01T13:09:46+00:00\" \/>\n<meta property=\"og:image\" content=\"http:\/\/www.alpisadesign.com\/wp-content\/uploads\/2017\/09\/chapa-madera-madera-04-300x200.jpg\" \/>\n<meta name=\"twitter:card\" content=\"summary_large_image\" \/>\n<meta name=\"twitter:label1\" content=\"Est. reading time\" \/>\n\t<meta name=\"twitter:data1\" content=\"1 minute\" \/>\n<script type=\"application\/ld+json\" class=\"yoast-schema-graph\">{\"@context\":\"https:\/\/schema.org\",\"@graph\":[{\"@type\":\"WebPage\",\"@id\":\"https:\/\/www.alpisadesign.com\/pt\/\",\"url\":\"https:\/\/www.alpisadesign.com\/pt\/\",\"name\":\"Alpisa Design Materials\",\"isPartOf\":{\"@id\":\"https:\/\/www.alpisadesign.com\/#website\"},\"datePublished\":\"2017-02-17T12:56:15+00:00\",\"dateModified\":\"2018-02-01T13:09:46+00:00\",\"description\":\"Alpisa Design Materials, es la respuesta a ese nuevo concepto colaborativo en la gesti\u00f3n de materiales para el interiorismo y la decoraci\u00f3n en los proyectos\",\"breadcrumb\":{\"@id\":\"https:\/\/www.alpisadesign.com\/pt\/#breadcrumb\"},\"inLanguage\":\"pt\",\"potentialAction\":[{\"@type\":\"ReadAction\",\"target\":[\"https:\/\/www.alpisadesign.com\/pt\/\"]}]},{\"@type\":\"BreadcrumbList\",\"@id\":\"https:\/\/www.alpisadesign.com\/pt\/#breadcrumb\",\"itemListElement\":[{\"@type\":\"ListItem\",\"position\":1,\"name\":\"Portada\",\"item\":\"https:\/\/www.alpisadesign.com\/pt\/\"},{\"@type\":\"ListItem\",\"position\":2,\"name\":\"Home\"}]},{\"@type\":\"WebSite\",\"@id\":\"https:\/\/www.alpisadesign.com\/#website\",\"url\":\"https:\/\/www.alpisadesign.com\/\",\"name\":\"Alpisa Design Materials\",\"description\":\"\",\"publisher\":{\"@id\":\"https:\/\/www.alpisadesign.com\/#organization\"},\"potentialAction\":[{\"@type\":\"SearchAction\",\"target\":{\"@type\":\"EntryPoint\",\"urlTemplate\":\"https:\/\/www.alpisadesign.com\/?s={search_term_string}\"},\"query-input\":\"required name=search_term_string\"}],\"inLanguage\":\"pt\"},{\"@type\":\"Organization\",\"@id\":\"https:\/\/www.alpisadesign.com\/#organization\",\"name\":\"Alpisa Design Materials\",\"url\":\"https:\/\/www.alpisadesign.com\/\",\"logo\":{\"@type\":\"ImageObject\",\"inLanguage\":\"pt\",\"@id\":\"https:\/\/www.alpisadesign.com\/#\/schema\/logo\/image\/\",\"url\":\"https:\/\/www.alpisadesign.com\/wp-content\/uploads\/2017\/07\/cropped-cropped-favicon.png\",\"contentUrl\":\"https:\/\/www.alpisadesign.com\/wp-content\/uploads\/2017\/07\/cropped-cropped-favicon.png\",\"width\":512,\"height\":174,\"caption\":\"Alpisa Design Materials\"},\"image\":{\"@id\":\"https:\/\/www.alpisadesign.com\/#\/schema\/logo\/image\/\"}}]}<\/script>\n<!-- \/ Yoast SEO plugin. -->","yoast_head_json":{"title":"Alpisa Design Materials","description":"Alpisa Design Materials, es la respuesta a ese nuevo concepto colaborativo en la gesti\u00f3n de materiales para el interiorismo y la decoraci\u00f3n en los proyectos","robots":{"index":"index","follow":"follow","max-snippet":"max-snippet:-1","max-image-preview":"max-image-preview:large","max-video-preview":"max-video-preview:-1"},"canonical":"https:\/\/www.alpisadesign.com\/pt\/","og_locale":"pt_PT","og_type":"article","og_title":"Alpisa Design Materials","og_description":"Alpisa Design Materials, es la respuesta a ese nuevo concepto colaborativo en la gesti\u00f3n de materiales para el interiorismo y la decoraci\u00f3n en los proyectos","og_url":"https:\/\/www.alpisadesign.com\/pt\/","og_site_name":"Alpisa Design Materials","article_modified_time":"2018-02-01T13:09:46+00:00","og_image":[{"url":"http:\/\/www.alpisadesign.com\/wp-content\/uploads\/2017\/09\/chapa-madera-madera-04-300x200.jpg"}],"twitter_card":"summary_large_image","twitter_misc":{"Est. reading time":"1 minute"},"schema":{"@context":"https:\/\/schema.org","@graph":[{"@type":"WebPage","@id":"https:\/\/www.alpisadesign.com\/pt\/","url":"https:\/\/www.alpisadesign.com\/pt\/","name":"Alpisa Design Materials","isPartOf":{"@id":"https:\/\/www.alpisadesign.com\/#website"},"datePublished":"2017-02-17T12:56:15+00:00","dateModified":"2018-02-01T13:09:46+00:00","description":"Alpisa Design Materials, es la respuesta a ese nuevo concepto colaborativo en la gesti\u00f3n de materiales para el interiorismo y la decoraci\u00f3n en los proyectos","breadcrumb":{"@id":"https:\/\/www.alpisadesign.com\/pt\/#breadcrumb"},"inLanguage":"pt","potentialAction":[{"@type":"ReadAction","target":["https:\/\/www.alpisadesign.com\/pt\/"]}]},{"@type":"BreadcrumbList","@id":"https:\/\/www.alpisadesign.com\/pt\/#breadcrumb","itemListElement":[{"@type":"ListItem","position":1,"name":"Portada","item":"https:\/\/www.alpisadesign.com\/pt\/"},{"@type":"ListItem","position":2,"name":"Home"}]},{"@type":"WebSite","@id":"https:\/\/www.alpisadesign.com\/#website","url":"https:\/\/www.alpisadesign.com\/","name":"Alpisa Design Materials","description":"","publisher":{"@id":"https:\/\/www.alpisadesign.com\/#organization"},"potentialAction":[{"@type":"SearchAction","target":{"@type":"EntryPoint","urlTemplate":"https:\/\/www.alpisadesign.com\/?s={search_term_string}"},"query-input":"required name=search_term_string"}],"inLanguage":"pt"},{"@type":"Organization","@id":"https:\/\/www.alpisadesign.com\/#organization","name":"Alpisa Design Materials","url":"https:\/\/www.alpisadesign.com\/","logo":{"@type":"ImageObject","inLanguage":"pt","@id":"https:\/\/www.alpisadesign.com\/#\/schema\/logo\/image\/","url":"https:\/\/www.alpisadesign.com\/wp-content\/uploads\/2017\/07\/cropped-cropped-favicon.png","contentUrl":"https:\/\/www.alpisadesign.com\/wp-content\/uploads\/2017\/07\/cropped-cropped-favicon.png","width":512,"height":174,"caption":"Alpisa Design Materials"},"image":{"@id":"https:\/\/www.alpisadesign.com\/#\/schema\/logo\/image\/"}}]}},"_links":{"self":[{"href":"https:\/\/www.alpisadesign.com\/pt\/wp-json\/wp\/v2\/pages\/841","targetHints":{"allow":["GET"]}}],"collection":[{"href":"https:\/\/www.alpisadesign.com\/pt\/wp-json\/wp\/v2\/pages"}],"about":[{"href":"https:\/\/www.alpisadesign.com\/pt\/wp-json\/wp\/v2\/types\/page"}],"author":[{"embeddable":true,"href":"https:\/\/www.alpisadesign.com\/pt\/wp-json\/wp\/v2\/users\/1"}],"replies":[{"embeddable":true,"href":"https:\/\/www.alpisadesign.com\/pt\/wp-json\/wp\/v2\/comments?post=841"}],"version-history":[{"count":1,"href":"https:\/\/www.alpisadesign.com\/pt\/wp-json\/wp\/v2\/pages\/841\/revisions"}],"predecessor-version":[{"id":958,"href":"https:\/\/www.alpisadesign.com\/pt\/wp-json\/wp\/v2\/pages\/841\/revisions\/958"}],"wp:attachment":[{"href":"https:\/\/www.alpisadesign.com\/pt\/wp-json\/wp\/v2\/media?parent=841"}],"curies":[{"name":"wp","href":"https:\/\/api.w.org\/{rel}","templated":true}]}}