{"id":921,"date":"2017-10-02T13:49:50","date_gmt":"2017-10-02T13:49:50","guid":{"rendered":"http:\/\/www.alpisadesign.com\/politica-de-privacidad\/"},"modified":"2018-02-01T12:31:19","modified_gmt":"2018-02-01T12:31:19","slug":"politica-de-privacidade","status":"publish","type":"page","link":"https:\/\/www.alpisadesign.com\/pt\/politica-de-privacidade\/","title":{"rendered":"Politica de privacidade"},"content":{"rendered":"<p>En cumplimiento de lo establecido en la Ley Org\u00e1nica 15\/1999, de 13 de diciembre, de Protecci\u00f3n de Datos de Car\u00e1cter Personal, le informamos que, mediante la cumplimentaci\u00f3n del presente formulario, sus datos personales quedar\u00e1n incorporados y ser\u00e1n tratados en un fichero automatizado denominado BBDD Alpisa, titularidad de Maderas y Chapas Alpisa S.A. con la finalidad de poder gestionar su solicitud, as\u00ed como para mantenerle informado de futuras promociones, noticias y novedades relacionadas con el sector.<\/p>\n<p>Maderas y Chapas Alpisa S.A.\u00a0 se compromete a tratar de forma confidencial los datos de car\u00e1cter personal facilitados y a no comunicar o ceder dicha informaci\u00f3n a terceros.<\/p>\n<p>Usted podr\u00e1 de forma libre y voluntaria facilitar la informaci\u00f3n que se le pide en los formularios salvo en los campos que aparecen como obligatorios. La no introducci\u00f3n de la informaci\u00f3n solicitada como obligatoria podr\u00e1 tener como consecuencia que no pueda atenderse su solicitud.<\/p>\n<p>A su vez, y en virtud de lo establecido en la Ley 34\/2002, de 11 de julio, de Servicios de la Sociedad de la Informaci\u00f3n y de Comercio electr\u00f3nico Maderas y Chapas Alpisa S.A.\u00a0 informa que podr\u00e1 utilizar las direcciones de correo electr\u00f3nico facilitadas, para remitirle informaci\u00f3n acerca de sus productos y servicios, avisos y ofertas y, en general, informaci\u00f3n de car\u00e1cter comercial de inter\u00e9s relativa a la actividad de la empresa.<\/p>\n<p>Asimismo, le informamos de la posibilidad que tiene de ejercer los derechos de acceso, rectificaci\u00f3n, cancelaci\u00f3n y oposici\u00f3n de sus datos de car\u00e1cter personal de forma presencial en las oficinas de Maderas y Chapas Alpisa S.A. , acompa\u00f1ando copia de DNI, o bien mediante correo postal dirigido a: clientes@alpisa.com<\/p>\n","protected":false},"excerpt":{"rendered":"<p>En cumplimiento de lo establecido en la Ley Org\u00e1nica 15\/1999, de 13 de diciembre, de Protecci\u00f3n de Datos de Car\u00e1cter Personal, le informamos que, mediante la cumplimentaci\u00f3n del presente formulario, sus datos personales quedar\u00e1n incorporados y ser\u00e1n tratados en un fichero automatizado denominado BBDD Alpisa, titularidad de Maderas y Chapas Alpisa S.A. con la finalidad [&hellip;]<\/p>\n","protected":false},"author":3,"featured_media":0,"parent":0,"menu_order":0,"comment_status":"closed","ping_status":"closed","template":"template-fullwidth.php","meta":{"_acf_changed":false,"_exactmetrics_skip_tracking":false,"_exactmetrics_sitenote_active":false,"_exactmetrics_sitenote_note":"","_exactmetrics_sitenote_category":0,"footnotes":""},"class_list":["post-921","page","type-page","status-publish","hentry"],"acf":[],"yoast_head":"<!-- This site is optimized with the Yoast SEO plugin v20.2.1 - https:\/\/yoast.com\/wordpress\/plugins\/seo\/ -->\n<title>Politica de privacidade - Alpisa Design Materials<\/title>\n<meta name=\"robots\" content=\"index, follow, max-snippet:-1, max-image-preview:large, max-video-preview:-1\" \/>\n<link rel=\"canonical\" href=\"https:\/\/www.alpisadesign.com\/pt\/politica-de-privacidade\/\" \/>\n<meta property=\"og:locale\" content=\"pt_PT\" \/>\n<meta property=\"og:type\" content=\"article\" \/>\n<meta property=\"og:title\" content=\"Politica de privacidade - Alpisa Design Materials\" \/>\n<meta property=\"og:description\" content=\"En cumplimiento de lo establecido en la Ley Org\u00e1nica 15\/1999, de 13 de diciembre, de Protecci\u00f3n de Datos de Car\u00e1cter Personal, le informamos que, mediante la cumplimentaci\u00f3n del presente formulario, sus datos personales quedar\u00e1n incorporados y ser\u00e1n tratados en un fichero automatizado denominado BBDD Alpisa, titularidad de Maderas y Chapas Alpisa S.A. con la finalidad [&hellip;]\" \/>\n<meta property=\"og:url\" content=\"https:\/\/www.alpisadesign.com\/pt\/politica-de-privacidade\/\" \/>\n<meta property=\"og:site_name\" content=\"Alpisa Design Materials\" \/>\n<meta property=\"article:modified_time\" content=\"2018-02-01T12:31:19+00:00\" \/>\n<meta name=\"twitter:card\" content=\"summary_large_image\" \/>\n<meta name=\"twitter:label1\" content=\"Est. reading time\" \/>\n\t<meta name=\"twitter:data1\" content=\"1 minute\" \/>\n<script type=\"application\/ld+json\" class=\"yoast-schema-graph\">{\"@context\":\"https:\/\/schema.org\",\"@graph\":[{\"@type\":\"WebPage\",\"@id\":\"https:\/\/www.alpisadesign.com\/pt\/politica-de-privacidade\/\",\"url\":\"https:\/\/www.alpisadesign.com\/pt\/politica-de-privacidade\/\",\"name\":\"Politica de privacidade - Alpisa Design Materials\",\"isPartOf\":{\"@id\":\"https:\/\/www.alpisadesign.com\/#website\"},\"datePublished\":\"2017-10-02T13:49:50+00:00\",\"dateModified\":\"2018-02-01T12:31:19+00:00\",\"breadcrumb\":{\"@id\":\"https:\/\/www.alpisadesign.com\/pt\/politica-de-privacidade\/#breadcrumb\"},\"inLanguage\":\"pt\",\"potentialAction\":[{\"@type\":\"ReadAction\",\"target\":[\"https:\/\/www.alpisadesign.com\/pt\/politica-de-privacidade\/\"]}]},{\"@type\":\"BreadcrumbList\",\"@id\":\"https:\/\/www.alpisadesign.com\/pt\/politica-de-privacidade\/#breadcrumb\",\"itemListElement\":[{\"@type\":\"ListItem\",\"position\":1,\"name\":\"Portada\",\"item\":\"https:\/\/www.alpisadesign.com\/pt\/\"},{\"@type\":\"ListItem\",\"position\":2,\"name\":\"Politica de privacidade\"}]},{\"@type\":\"WebSite\",\"@id\":\"https:\/\/www.alpisadesign.com\/#website\",\"url\":\"https:\/\/www.alpisadesign.com\/\",\"name\":\"Alpisa Design Materials\",\"description\":\"\",\"publisher\":{\"@id\":\"https:\/\/www.alpisadesign.com\/#organization\"},\"potentialAction\":[{\"@type\":\"SearchAction\",\"target\":{\"@type\":\"EntryPoint\",\"urlTemplate\":\"https:\/\/www.alpisadesign.com\/?s={search_term_string}\"},\"query-input\":\"required name=search_term_string\"}],\"inLanguage\":\"pt\"},{\"@type\":\"Organization\",\"@id\":\"https:\/\/www.alpisadesign.com\/#organization\",\"name\":\"Alpisa Design Materials\",\"url\":\"https:\/\/www.alpisadesign.com\/\",\"logo\":{\"@type\":\"ImageObject\",\"inLanguage\":\"pt\",\"@id\":\"https:\/\/www.alpisadesign.com\/#\/schema\/logo\/image\/\",\"url\":\"https:\/\/www.alpisadesign.com\/wp-content\/uploads\/2017\/07\/cropped-cropped-favicon.png\",\"contentUrl\":\"https:\/\/www.alpisadesign.com\/wp-content\/uploads\/2017\/07\/cropped-cropped-favicon.png\",\"width\":512,\"height\":174,\"caption\":\"Alpisa Design Materials\"},\"image\":{\"@id\":\"https:\/\/www.alpisadesign.com\/#\/schema\/logo\/image\/\"}}]}<\/script>\n<!-- \/ Yoast SEO plugin. -->","yoast_head_json":{"title":"Politica de privacidade - Alpisa Design Materials","robots":{"index":"index","follow":"follow","max-snippet":"max-snippet:-1","max-image-preview":"max-image-preview:large","max-video-preview":"max-video-preview:-1"},"canonical":"https:\/\/www.alpisadesign.com\/pt\/politica-de-privacidade\/","og_locale":"pt_PT","og_type":"article","og_title":"Politica de privacidade - Alpisa Design Materials","og_description":"En cumplimiento de lo establecido en la Ley Org\u00e1nica 15\/1999, de 13 de diciembre, de Protecci\u00f3n de Datos de Car\u00e1cter Personal, le informamos que, mediante la cumplimentaci\u00f3n del presente formulario, sus datos personales quedar\u00e1n incorporados y ser\u00e1n tratados en un fichero automatizado denominado BBDD Alpisa, titularidad de Maderas y Chapas Alpisa S.A. con la finalidad [&hellip;]","og_url":"https:\/\/www.alpisadesign.com\/pt\/politica-de-privacidade\/","og_site_name":"Alpisa Design Materials","article_modified_time":"2018-02-01T12:31:19+00:00","twitter_card":"summary_large_image","twitter_misc":{"Est. reading time":"1 minute"},"schema":{"@context":"https:\/\/schema.org","@graph":[{"@type":"WebPage","@id":"https:\/\/www.alpisadesign.com\/pt\/politica-de-privacidade\/","url":"https:\/\/www.alpisadesign.com\/pt\/politica-de-privacidade\/","name":"Politica de privacidade - Alpisa Design Materials","isPartOf":{"@id":"https:\/\/www.alpisadesign.com\/#website"},"datePublished":"2017-10-02T13:49:50+00:00","dateModified":"2018-02-01T12:31:19+00:00","breadcrumb":{"@id":"https:\/\/www.alpisadesign.com\/pt\/politica-de-privacidade\/#breadcrumb"},"inLanguage":"pt","potentialAction":[{"@type":"ReadAction","target":["https:\/\/www.alpisadesign.com\/pt\/politica-de-privacidade\/"]}]},{"@type":"BreadcrumbList","@id":"https:\/\/www.alpisadesign.com\/pt\/politica-de-privacidade\/#breadcrumb","itemListElement":[{"@type":"ListItem","position":1,"name":"Portada","item":"https:\/\/www.alpisadesign.com\/pt\/"},{"@type":"ListItem","position":2,"name":"Politica de privacidade"}]},{"@type":"WebSite","@id":"https:\/\/www.alpisadesign.com\/#website","url":"https:\/\/www.alpisadesign.com\/","name":"Alpisa Design Materials","description":"","publisher":{"@id":"https:\/\/www.alpisadesign.com\/#organization"},"potentialAction":[{"@type":"SearchAction","target":{"@type":"EntryPoint","urlTemplate":"https:\/\/www.alpisadesign.com\/?s={search_term_string}"},"query-input":"required name=search_term_string"}],"inLanguage":"pt"},{"@type":"Organization","@id":"https:\/\/www.alpisadesign.com\/#organization","name":"Alpisa Design Materials","url":"https:\/\/www.alpisadesign.com\/","logo":{"@type":"ImageObject","inLanguage":"pt","@id":"https:\/\/www.alpisadesign.com\/#\/schema\/logo\/image\/","url":"https:\/\/www.alpisadesign.com\/wp-content\/uploads\/2017\/07\/cropped-cropped-favicon.png","contentUrl":"https:\/\/www.alpisadesign.com\/wp-content\/uploads\/2017\/07\/cropped-cropped-favicon.png","width":512,"height":174,"caption":"Alpisa Design Materials"},"image":{"@id":"https:\/\/www.alpisadesign.com\/#\/schema\/logo\/image\/"}}]}},"_links":{"self":[{"href":"https:\/\/www.alpisadesign.com\/pt\/wp-json\/wp\/v2\/pages\/921","targetHints":{"allow":["GET"]}}],"collection":[{"href":"https:\/\/www.alpisadesign.com\/pt\/wp-json\/wp\/v2\/pages"}],"about":[{"href":"https:\/\/www.alpisadesign.com\/pt\/wp-json\/wp\/v2\/types\/page"}],"author":[{"embeddable":true,"href":"https:\/\/www.alpisadesign.com\/pt\/wp-json\/wp\/v2\/users\/3"}],"replies":[{"embeddable":true,"href":"https:\/\/www.alpisadesign.com\/pt\/wp-json\/wp\/v2\/comments?post=921"}],"version-history":[{"count":2,"href":"https:\/\/www.alpisadesign.com\/pt\/wp-json\/wp\/v2\/pages\/921\/revisions"}],"predecessor-version":[{"id":957,"href":"https:\/\/www.alpisadesign.com\/pt\/wp-json\/wp\/v2\/pages\/921\/revisions\/957"}],"wp:attachment":[{"href":"https:\/\/www.alpisadesign.com\/pt\/wp-json\/wp\/v2\/media?parent=921"}],"curies":[{"name":"wp","href":"https:\/\/api.w.org\/{rel}","templated":true}]}}